{"id":1258,"date":"2018-10-24T19:29:22","date_gmt":"2018-10-24T19:29:22","guid":{"rendered":"https:\/\/demo01.gethomey.io\/?page_id=1258"},"modified":"2025-02-13T11:31:15","modified_gmt":"2025-02-13T10:31:15","slug":"blog","status":"publish","type":"page","link":"https:\/\/lavillacompany.com\/es\/blog\/","title":{"rendered":"Blog"},"content":{"rendered":"<div data-elementor-type=\"wp-page\" data-elementor-id=\"1258\" class=\"elementor elementor-1258\" data-elementor-post-type=\"page\">\n\t\t\t\t\t\t<section class=\"elementor-section elementor-top-section elementor-element elementor-element-2144dd58 elementor-section-height-min-height elementor-section-items-bottom elementor-section-boxed elementor-section-height-default\" data-id=\"2144dd58\" data-element_type=\"section\" data-e-type=\"section\" data-settings=\"{&quot;background_background&quot;:&quot;classic&quot;,&quot;jet_parallax_layout_list&quot;:[]}\">\n\t\t\t\t\t\t\t<div class=\"elementor-background-overlay\"><\/div>\n\t\t\t\t\t\t\t<div class=\"elementor-container elementor-column-gap-default\">\n\t\t\t\t\t<div class=\"elementor-column elementor-col-100 elementor-top-column elementor-element elementor-element-c94d4a2\" data-id=\"c94d4a2\" data-element_type=\"column\" data-e-type=\"column\">\n\t\t\t<div class=\"elementor-widget-wrap elementor-element-populated\">\n\t\t\t\t\t\t<div class=\"elementor-element elementor-element-1e03a1dd elementor-widget elementor-widget-heading\" data-id=\"1e03a1dd\" data-element_type=\"widget\" data-e-type=\"widget\" data-widget_type=\"heading.default\">\n\t\t\t\t<div class=\"elementor-widget-container\">\n\t\t\t\t\t<h1 class=\"elementor-heading-title elementor-size-default\">Blog<\/h1>\t\t\t\t<\/div>\n\t\t\t\t<\/div>\n\t\t\t\t<div class=\"elementor-element elementor-element-1686ead2 elementor-widget__width-initial elementor-widget-mobile__width-inherit elementor-widget elementor-widget-text-editor\" data-id=\"1686ead2\" data-element_type=\"widget\" data-e-type=\"widget\" data-widget_type=\"text-editor.default\">\n\t\t\t\t<div class=\"elementor-widget-container\">\n\t\t\t\t\t\t\t\t\t<p><span style=\"font-weight: 400;\">Nuestro blog le proporcionar\u00e1 consejos e informaci\u00f3n \u00fatiles sobre todo, desde reservar su villa de vacaciones hasta explorar Menorca con todo su encanto.<\/span><\/p>\t\t\t\t\t\t\t\t<\/div>\n\t\t\t\t<\/div>\n\t\t\t\t\t<\/div>\n\t\t<\/div>\n\t\t\t\t\t<\/div>\n\t\t<\/section>\n\t\t\t\t<section class=\"elementor-section elementor-top-section elementor-element elementor-element-43b75f3b elementor-section-boxed elementor-section-height-default elementor-section-height-default\" data-id=\"43b75f3b\" data-element_type=\"section\" data-e-type=\"section\" data-settings=\"{&quot;background_background&quot;:&quot;classic&quot;,&quot;jet_parallax_layout_list&quot;:[]}\">\n\t\t\t\t\t\t<div class=\"elementor-container elementor-column-gap-default\">\n\t\t\t\t\t<div class=\"elementor-column elementor-col-100 elementor-top-column elementor-element elementor-element-34af2fdb\" data-id=\"34af2fdb\" data-element_type=\"column\" data-e-type=\"column\">\n\t\t\t<div class=\"elementor-widget-wrap elementor-element-populated\">\n\t\t\t\t\t\t<div class=\"elementor-element elementor-element-5ca6ab99 elementor-grid-3 elementor-grid-tablet-2 elementor-grid-mobile-1 elementor-posts--thumbnail-top elementor-widget elementor-widget-posts\" data-id=\"5ca6ab99\" data-element_type=\"widget\" data-e-type=\"widget\" data-settings=\"{&quot;classic_row_gap&quot;:{&quot;unit&quot;:&quot;px&quot;,&quot;size&quot;:24,&quot;sizes&quot;:[]},&quot;classic_columns&quot;:&quot;3&quot;,&quot;classic_columns_tablet&quot;:&quot;2&quot;,&quot;classic_columns_mobile&quot;:&quot;1&quot;,&quot;classic_row_gap_tablet&quot;:{&quot;unit&quot;:&quot;px&quot;,&quot;size&quot;:&quot;&quot;,&quot;sizes&quot;:[]},&quot;classic_row_gap_mobile&quot;:{&quot;unit&quot;:&quot;px&quot;,&quot;size&quot;:&quot;&quot;,&quot;sizes&quot;:[]}}\" data-widget_type=\"posts.classic\">\n\t\t\t\t<div class=\"elementor-widget-container\">\n\t\t\t\t\t\t\t<div class=\"elementor-posts-container elementor-posts elementor-posts--skin-classic elementor-grid\" role=\"list\">\n\t\t\t\t<article class=\"elementor-post elementor-grid-item post-79391 post type-post status-publish format-standard has-post-thumbnail hentry category-blog\" role=\"listitem\">\n\t\t\t\t<a class=\"elementor-post__thumbnail__link\" href=\"https:\/\/lavillacompany.com\/es\/cami-de-cavalls-with-kids\/\" tabindex=\"-1\" target=\"&quot;_blank&quot;\">\n\t\t\t<div class=\"elementor-post__thumbnail\"><img fetchpriority=\"high\" decoding=\"async\" width=\"300\" height=\"175\" src=\"https:\/\/lavillacompany.com\/wp-content\/uploads\/2025\/03\/cami-de-cavalls-with-kids-1200-x-700-px-300x175.jpg\" class=\"attachment-medium size-medium wp-image-79392\" alt=\"Two young children walking hand in hand on a forest trail along the Cam\u00ed de Cavalls in Menorca, ideal for family adventures from nearby holiday villas.\" srcset=\"https:\/\/lavillacompany.com\/wp-content\/uploads\/2025\/03\/cami-de-cavalls-with-kids-1200-x-700-px-300x175.jpg 300w, https:\/\/lavillacompany.com\/wp-content\/uploads\/2025\/03\/cami-de-cavalls-with-kids-1200-x-700-px-1024x597.jpg 1024w, https:\/\/lavillacompany.com\/wp-content\/uploads\/2025\/03\/cami-de-cavalls-with-kids-1200-x-700-px-768x448.jpg 768w, https:\/\/lavillacompany.com\/wp-content\/uploads\/2025\/03\/cami-de-cavalls-with-kids-1200-x-700-px-18x12.jpg 18w, https:\/\/lavillacompany.com\/wp-content\/uploads\/2025\/03\/cami-de-cavalls-with-kids-1200-x-700-px-857x500.jpg 857w, https:\/\/lavillacompany.com\/wp-content\/uploads\/2025\/03\/cami-de-cavalls-with-kids-1200-x-700-px.jpg 1200w\" sizes=\"(max-width: 300px) 100vw, 300px\" \/><\/div>\n\t\t<\/a>\n\t\t\t\t<div class=\"elementor-post__text\">\n\t\t\t\t<h2 class=\"elementor-post__title\">\n\t\t\t<a href=\"https:\/\/lavillacompany.com\/es\/cami-de-cavalls-with-kids\/\" target=\"&quot;_blank&quot;\">\n\t\t\t\tCam\u00ed de Cavalls with Kids\t\t\t<\/a>\n\t\t<\/h2>\n\t\t\t\t<div class=\"elementor-post__excerpt\">\n\t\t\t<p>Cam\u00ed de Cavalls with Kids \u2013 A Family Adventure from Your Holiday Villa in Menorca Cam\u00ed de Cavalls, the ancient horse trail which encircles Menorca,<\/p>\n\t\t<\/div>\n\t\t\n\t\t<a class=\"elementor-post__read-more\" href=\"https:\/\/lavillacompany.com\/es\/cami-de-cavalls-with-kids\/\" aria-label=\"M\u00e1s informaci\u00f3n sobre Cam\u00ed de Cavalls with Kids\" tabindex=\"-1\" target=\"_blank\">\n\t\t\tRead More \u00bb\t\t<\/a>\n\n\t\t\t\t<\/div>\n\t\t\t\t<\/article>\n\t\t\t\t<article class=\"elementor-post elementor-grid-item post-79237 post type-post status-publish format-standard has-post-thumbnail hentry category-blog\" role=\"listitem\">\n\t\t\t\t<a class=\"elementor-post__thumbnail__link\" href=\"https:\/\/lavillacompany.com\/es\/romanticrestaurantsmenorca\/\" tabindex=\"-1\" target=\"&quot;_blank&quot;\">\n\t\t\t<div class=\"elementor-post__thumbnail\"><img decoding=\"async\" width=\"300\" height=\"175\" src=\"https:\/\/lavillacompany.com\/wp-content\/uploads\/2025\/02\/Romantic-Restaurants-Menorca-1-300x175.png\" class=\"attachment-medium size-medium wp-image-79242\" alt=\"Romantic Restaurants Menorca\" srcset=\"https:\/\/lavillacompany.com\/wp-content\/uploads\/2025\/02\/Romantic-Restaurants-Menorca-1-300x175.png 300w, https:\/\/lavillacompany.com\/wp-content\/uploads\/2025\/02\/Romantic-Restaurants-Menorca-1-1024x597.png 1024w, https:\/\/lavillacompany.com\/wp-content\/uploads\/2025\/02\/Romantic-Restaurants-Menorca-1-768x448.png 768w, https:\/\/lavillacompany.com\/wp-content\/uploads\/2025\/02\/Romantic-Restaurants-Menorca-1-1536x896.png 1536w, https:\/\/lavillacompany.com\/wp-content\/uploads\/2025\/02\/Romantic-Restaurants-Menorca-1-2048x1195.png 2048w, https:\/\/lavillacompany.com\/wp-content\/uploads\/2025\/02\/Romantic-Restaurants-Menorca-1-18x12.png 18w, https:\/\/lavillacompany.com\/wp-content\/uploads\/2025\/02\/Romantic-Restaurants-Menorca-1-857x500.png 857w, https:\/\/lavillacompany.com\/wp-content\/uploads\/2025\/02\/Romantic-Restaurants-Menorca-1.png 1600w\" sizes=\"(max-width: 300px) 100vw, 300px\" \/><\/div>\n\t\t<\/a>\n\t\t\t\t<div class=\"elementor-post__text\">\n\t\t\t\t<h2 class=\"elementor-post__title\">\n\t\t\t<a href=\"https:\/\/lavillacompany.com\/es\/romanticrestaurantsmenorca\/\" target=\"&quot;_blank&quot;\">\n\t\t\t\tFive Romantic Restaurants Menorca\t\t\t<\/a>\n\t\t<\/h2>\n\t\t\t\t<div class=\"elementor-post__excerpt\">\n\t\t\t<p>With its relaxed pace of life, spectacular landscapes and beaches, and warm climate, Menorca is a wonderful destination for a romantic getaway. To enhance this<\/p>\n\t\t<\/div>\n\t\t\n\t\t<a class=\"elementor-post__read-more\" href=\"https:\/\/lavillacompany.com\/es\/romanticrestaurantsmenorca\/\" aria-label=\"M\u00e1s informaci\u00f3n sobre Five Romantic Restaurants Menorca\" tabindex=\"-1\" target=\"_blank\">\n\t\t\tRead More \u00bb\t\t<\/a>\n\n\t\t\t\t<\/div>\n\t\t\t\t<\/article>\n\t\t\t\t<article class=\"elementor-post elementor-grid-item post-79076 post type-post status-publish format-standard has-post-thumbnail hentry category-blog\" role=\"listitem\">\n\t\t\t\t<a class=\"elementor-post__thumbnail__link\" href=\"https:\/\/lavillacompany.com\/es\/calaenportervillas\/\" tabindex=\"-1\" target=\"&quot;_blank&quot;\">\n\t\t\t<div class=\"elementor-post__thumbnail\"><img decoding=\"async\" width=\"300\" height=\"175\" src=\"https:\/\/lavillacompany.com\/wp-content\/uploads\/2025\/01\/Cala-en-Porter-Resort.svg\" class=\"attachment-medium size-medium wp-image-79187\" alt=\"Cala en Porter beach and resort. Ideal location for family holidays in Menorca with La Villa Company.\" \/><\/div>\n\t\t<\/a>\n\t\t\t\t<div class=\"elementor-post__text\">\n\t\t\t\t<h2 class=\"elementor-post__title\">\n\t\t\t<a href=\"https:\/\/lavillacompany.com\/es\/calaenportervillas\/\" target=\"&quot;_blank&quot;\">\n\t\t\t\tCala en Porter Resort: An Ideal Base for a Menorca Holiday Villa Rental\t\t\t<\/a>\n\t\t<\/h2>\n\t\t\t\t<div class=\"elementor-post__excerpt\">\n\t\t\t<p>Cala en Porter resort (also known as Calan Porter or Cala\u2019n Porter) is one of Menorca\u2019s first and most popular holiday destinations. Positioned atop stunning<\/p>\n\t\t<\/div>\n\t\t\n\t\t<a class=\"elementor-post__read-more\" href=\"https:\/\/lavillacompany.com\/es\/calaenportervillas\/\" aria-label=\"M\u00e1s informaci\u00f3n sobre Cala en Porter Resort: An Ideal Base for a Menorca Holiday Villa Rental\" tabindex=\"-1\" target=\"_blank\">\n\t\t\tRead More \u00bb\t\t<\/a>\n\n\t\t\t\t<\/div>\n\t\t\t\t<\/article>\n\t\t\t\t<\/div>\n\t\t\n\t\t\t\t\t\t<\/div>\n\t\t\t\t<\/div>\n\t\t\t\t\t<\/div>\n\t\t<\/div>\n\t\t\t\t\t<\/div>\n\t\t<\/section>\n\t\t\t\t<\/div>","protected":false},"excerpt":{"rendered":"<p>Nuestro blog le proporcionar\u00e1 consejos e informaci\u00f3n \u00fatiles sobre todo, desde reservar su villa de vacaciones hasta explorar Menorca con todo su encanto.<\/p>","protected":false},"author":51,"featured_media":0,"parent":0,"menu_order":0,"comment_status":"closed","ping_status":"closed","template":"","meta":{"_acf_changed":false,"footnotes":""},"class_list":["post-1258","page","type-page","status-publish","hentry"],"acf":[],"yoast_head":"<!-- This site is optimized with the Yoast SEO plugin v27.3 - https:\/\/yoast.com\/product\/yoast-seo-wordpress\/ -->\n<title>Blog | Travel Tips &amp; Villa&#039;s Insights - La Villa Company<\/title>\n<meta name=\"description\" content=\"Discover travel tips, local insights, and villa highlights on the La Villa Company blog. Find inspiration for your perfect Menorca holiday adventure.\" \/>\n<meta name=\"robots\" content=\"index, follow, max-snippet:-1, max-image-preview:large, max-video-preview:-1\" \/>\n<link rel=\"canonical\" href=\"https:\/\/lavillacompany.com\/es\/blog\/\" \/>\n<meta property=\"og:locale\" content=\"es_ES\" \/>\n<meta property=\"og:type\" content=\"article\" \/>\n<meta property=\"og:title\" content=\"Blog | Travel Tips &amp; Villa&#039;s Insights - La Villa Company\" \/>\n<meta property=\"og:description\" content=\"Discover travel tips, local insights, and villa highlights on the La Villa Company blog. Find inspiration for your perfect Menorca holiday adventure.\" \/>\n<meta property=\"og:url\" content=\"https:\/\/lavillacompany.com\/es\/blog\/\" \/>\n<meta property=\"og:site_name\" content=\"LA VILLA COMPANY\" \/>\n<meta property=\"article:modified_time\" content=\"2025-02-13T10:31:15+00:00\" \/>\n<meta name=\"twitter:card\" content=\"summary_large_image\" \/>\n<meta name=\"twitter:label1\" content=\"Tiempo de lectura\" \/>\n\t<meta name=\"twitter:data1\" content=\"1 minuto\" \/>\n<script type=\"application\/ld+json\" class=\"yoast-schema-graph\">{\"@context\":\"https:\\\/\\\/schema.org\",\"@graph\":[{\"@type\":\"WebPage\",\"@id\":\"https:\\\/\\\/lavillacompany.com\\\/blog\\\/\",\"url\":\"https:\\\/\\\/lavillacompany.com\\\/blog\\\/\",\"name\":\"Blog | Travel Tips & Villa's Insights - La Villa Company\",\"isPartOf\":{\"@id\":\"https:\\\/\\\/lavillacompany.com\\\/#website\"},\"datePublished\":\"2018-10-24T19:29:22+00:00\",\"dateModified\":\"2025-02-13T10:31:15+00:00\",\"description\":\"Discover travel tips, local insights, and villa highlights on the La Villa Company blog. Find inspiration for your perfect Menorca holiday adventure.\",\"breadcrumb\":{\"@id\":\"https:\\\/\\\/lavillacompany.com\\\/blog\\\/#breadcrumb\"},\"inLanguage\":\"es\",\"potentialAction\":[{\"@type\":\"ReadAction\",\"target\":[\"https:\\\/\\\/lavillacompany.com\\\/blog\\\/\"]}]},{\"@type\":\"BreadcrumbList\",\"@id\":\"https:\\\/\\\/lavillacompany.com\\\/blog\\\/#breadcrumb\",\"itemListElement\":[{\"@type\":\"ListItem\",\"position\":1,\"name\":\"Home\",\"item\":\"https:\\\/\\\/lavillacompany.com\\\/\"},{\"@type\":\"ListItem\",\"position\":2,\"name\":\"Blog\"}]},{\"@type\":\"WebSite\",\"@id\":\"https:\\\/\\\/lavillacompany.com\\\/#website\",\"url\":\"https:\\\/\\\/lavillacompany.com\\\/\",\"name\":\"LA VILLA COMPANY\",\"description\":\"Offering Holiday Villa Rentals Menorca\",\"publisher\":{\"@id\":\"https:\\\/\\\/lavillacompany.com\\\/#organization\"},\"potentialAction\":[{\"@type\":\"SearchAction\",\"target\":{\"@type\":\"EntryPoint\",\"urlTemplate\":\"https:\\\/\\\/lavillacompany.com\\\/?s={search_term_string}\"},\"query-input\":{\"@type\":\"PropertyValueSpecification\",\"valueRequired\":true,\"valueName\":\"search_term_string\"}}],\"inLanguage\":\"es\"},{\"@type\":\"Organization\",\"@id\":\"https:\\\/\\\/lavillacompany.com\\\/#organization\",\"name\":\"LA VILLA COMPANY\",\"url\":\"https:\\\/\\\/lavillacompany.com\\\/\",\"logo\":{\"@type\":\"ImageObject\",\"inLanguage\":\"es\",\"@id\":\"https:\\\/\\\/lavillacompany.com\\\/#\\\/schema\\\/logo\\\/image\\\/\",\"url\":\"https:\\\/\\\/lavillacompany.com\\\/wp-content\\\/uploads\\\/2021\\\/06\\\/transparent-logo-.png\",\"contentUrl\":\"https:\\\/\\\/lavillacompany.com\\\/wp-content\\\/uploads\\\/2021\\\/06\\\/transparent-logo-.png\",\"width\":1024,\"height\":175,\"caption\":\"LA VILLA COMPANY\"},\"image\":{\"@id\":\"https:\\\/\\\/lavillacompany.com\\\/#\\\/schema\\\/logo\\\/image\\\/\"}}]}<\/script>\n<!-- \/ Yoast SEO plugin. -->","yoast_head_json":{"title":"Blog | Travel Tips & Villa's Insights - La Villa Company","description":"Discover travel tips, local insights, and villa highlights on the La Villa Company blog. Find inspiration for your perfect Menorca holiday adventure.","robots":{"index":"index","follow":"follow","max-snippet":"max-snippet:-1","max-image-preview":"max-image-preview:large","max-video-preview":"max-video-preview:-1"},"canonical":"https:\/\/lavillacompany.com\/es\/blog\/","og_locale":"es_ES","og_type":"article","og_title":"Blog | Travel Tips & Villa's Insights - La Villa Company","og_description":"Discover travel tips, local insights, and villa highlights on the La Villa Company blog. Find inspiration for your perfect Menorca holiday adventure.","og_url":"https:\/\/lavillacompany.com\/es\/blog\/","og_site_name":"LA VILLA COMPANY","article_modified_time":"2025-02-13T10:31:15+00:00","twitter_card":"summary_large_image","twitter_misc":{"Tiempo de lectura":"1 minuto"},"schema":{"@context":"https:\/\/schema.org","@graph":[{"@type":"WebPage","@id":"https:\/\/lavillacompany.com\/blog\/","url":"https:\/\/lavillacompany.com\/blog\/","name":"Blog | Travel Tips & Villa's Insights - La Villa Company","isPartOf":{"@id":"https:\/\/lavillacompany.com\/#website"},"datePublished":"2018-10-24T19:29:22+00:00","dateModified":"2025-02-13T10:31:15+00:00","description":"Discover travel tips, local insights, and villa highlights on the La Villa Company blog. Find inspiration for your perfect Menorca holiday adventure.","breadcrumb":{"@id":"https:\/\/lavillacompany.com\/blog\/#breadcrumb"},"inLanguage":"es","potentialAction":[{"@type":"ReadAction","target":["https:\/\/lavillacompany.com\/blog\/"]}]},{"@type":"BreadcrumbList","@id":"https:\/\/lavillacompany.com\/blog\/#breadcrumb","itemListElement":[{"@type":"ListItem","position":1,"name":"Home","item":"https:\/\/lavillacompany.com\/"},{"@type":"ListItem","position":2,"name":"Blog"}]},{"@type":"WebSite","@id":"https:\/\/lavillacompany.com\/#website","url":"https:\/\/lavillacompany.com\/","name":"LA VILLA COMPANY","description":"Offering Holiday Villa Rentals Menorca","publisher":{"@id":"https:\/\/lavillacompany.com\/#organization"},"potentialAction":[{"@type":"SearchAction","target":{"@type":"EntryPoint","urlTemplate":"https:\/\/lavillacompany.com\/?s={search_term_string}"},"query-input":{"@type":"PropertyValueSpecification","valueRequired":true,"valueName":"search_term_string"}}],"inLanguage":"es"},{"@type":"Organization","@id":"https:\/\/lavillacompany.com\/#organization","name":"LA VILLA COMPANY","url":"https:\/\/lavillacompany.com\/","logo":{"@type":"ImageObject","inLanguage":"es","@id":"https:\/\/lavillacompany.com\/#\/schema\/logo\/image\/","url":"https:\/\/lavillacompany.com\/wp-content\/uploads\/2021\/06\/transparent-logo-.png","contentUrl":"https:\/\/lavillacompany.com\/wp-content\/uploads\/2021\/06\/transparent-logo-.png","width":1024,"height":175,"caption":"LA VILLA COMPANY"},"image":{"@id":"https:\/\/lavillacompany.com\/#\/schema\/logo\/image\/"}}]}},"_links":{"self":[{"href":"https:\/\/lavillacompany.com\/es\/wp-json\/wp\/v2\/pages\/1258","targetHints":{"allow":["GET"]}}],"collection":[{"href":"https:\/\/lavillacompany.com\/es\/wp-json\/wp\/v2\/pages"}],"about":[{"href":"https:\/\/lavillacompany.com\/es\/wp-json\/wp\/v2\/types\/page"}],"author":[{"embeddable":true,"href":"https:\/\/lavillacompany.com\/es\/wp-json\/wp\/v2\/users\/51"}],"replies":[{"embeddable":true,"href":"https:\/\/lavillacompany.com\/es\/wp-json\/wp\/v2\/comments?post=1258"}],"version-history":[{"count":27,"href":"https:\/\/lavillacompany.com\/es\/wp-json\/wp\/v2\/pages\/1258\/revisions"}],"predecessor-version":[{"id":79190,"href":"https:\/\/lavillacompany.com\/es\/wp-json\/wp\/v2\/pages\/1258\/revisions\/79190"}],"wp:attachment":[{"href":"https:\/\/lavillacompany.com\/es\/wp-json\/wp\/v2\/media?parent=1258"}],"curies":[{"name":"wp","href":"https:\/\/api.w.org\/{rel}","templated":true}]}}